{"id":54,"date":"2022-05-25T11:27:53","date_gmt":"2022-05-25T09:27:53","guid":{"rendered":"https:\/\/ecoriche.com\/blog\/?page_id=54"},"modified":"2022-05-25T11:56:41","modified_gmt":"2022-05-25T09:56:41","slug":"politica-de-cookies","status":"publish","type":"page","link":"https:\/\/ecoriche.com\/blog\/politica-de-cookies\/","title":{"rendered":"Pol\u00edtica de Cookies"},"content":{"rendered":"<p style=\"font-weight: 400;\">EcoRiche Cosmetics S.L., a trave\u0301s del presente documento, recoge su Poli\u0301tica de recogida y tratamiento de cookies, en cumplimiento de lo dispuesto en el arti\u0301culo 22.2 de la Ley 34\/2002, de 11 de julio, de Servicios de la Sociedad de la Informacio\u0301n y de Comercio Electro\u0301nico (LSSICE).<\/p>\n<p style=\"font-weight: 400;\">Las cookies se almacenan en el equipo terminal del usuario (ordenador o dispositivo mo\u0301vil) y recopilan informacio\u0301n al visitar la pa\u0301gina web www.ecoriche.com\/blog, con la finalidad de mejorar la usabilidad de las mismas, conocer los ha\u0301bitos o necesidades de navegacio\u0301n de los usuarios para poder adaptarse a los mismos, asi\u0301 como obtener informacio\u0301n con fines estadi\u0301sticos. En el caso de aquellos usuarios que ya sean clientes de EcoRiche Cosmetics S.L., la informacio\u0301n recabada con las cookies servira\u0301 tambie\u0301n para su identificacio\u0301n al acceder a las distintas herramientas que EcoRiche Cosmetics S.L. pone a su disposicio\u0301n para la gestio\u0301n de los servicios.<\/p>\n<p style=\"font-weight: 400;\">La presente Poli\u0301tica de Cookies sera\u0301 de aplicacio\u0301n a aquellos usuarios que voluntariamente visitan las pa\u0301ginas web de EcoRiche Cosmetics S.L., cumplimentan formularios de recogida de datos, acceden a las herramientas que EcoRiche Cosmetics S.L. pone a disposicio\u0301n de sus clientes para gestionar sus servicios, o utilizan cualquier otro servicio presente en el sitio web que implique la comunicacio\u0301n de datos a EcoRiche Cosmetics S.L., o el acceso a datos por EcoRiche Cosmetics S.L., para la prestacio\u0301n de sus servicios.<\/p>\n<p style=\"font-weight: 400;\">EcoRiche Cosmetics S.L. informa a los usuarios de sus pa\u0301ginas web, de la existencia de cookies y pone a su disposicio\u0301n la presente Poli\u0301tica con la finalidad de informarles acerca del uso y del objeto de las mismas. El hecho de continuar la navegacio\u0301n a trave\u0301s de sus pa\u0301ginas supone el conocimiento y la aceptacio\u0301n de la presente Poli\u0301tica por parte de dichos usuarios.<\/p>\n<p style=\"font-weight: 400;\">EcoRiche Cosmetics S.L. utiliza los siguientes tipos de cookies:<\/p>\n<p style=\"font-weight: 400;\"><b><strong>Clasificadas por su titularidad:<\/strong><\/b><\/p>\n<p style=\"font-weight: 400;\">* Cookies propias: enviadas y gestionadas directamente por EcoRiche Cosmetics S.L<\/p>\n<p style=\"font-weight: 400;\">* Cookies de terceros: enviadas y gestionadas por un tercero ajeno a EcoRiche Cosmetics S.L, de forma ano\u0301nima, con la finalidad de realizar estudios estadi\u0301sticos de navegacio\u0301n por las pa\u0301ginas web de EcoRiche Cosmetics S.L<\/p>\n<p style=\"font-weight: 400;\"><b><strong>Clasificadas por su finalidad:<\/strong><\/b><\/p>\n<p style=\"font-weight: 400;\">* Cookies te\u0301cnicas y\/o de personalizacio\u0301n: facilitan la navegacio\u0301n, al identificar la sesio\u0301n, permitir el acceso a herramientas de acceso restringido, adema\u0301s de configurar a medida las opciones disponibles. Posibilitan la prestacio\u0301n del servicio solicitado previamente por el usuario.<\/p>\n<p style=\"font-weight: 400;\">* Cookies de ana\u0301lisis y\/o publicidad: permiten conocer el nu\u0301mero de visitas recibidas en las diferentes secciones de las pa\u0301ginas web, los ha\u0301bitos y tendencias de sus usuarios y, en consecuencia, poder mejorar la navegacio\u0301n y el servicio ofrecido por EcoRiche Cosmetics S.L\u00a0 (fundamentalmente, Google Analytics), asi\u0301 como gestionar los espacios publicitarios incluidos en la pa\u0301gina web visitada por el usuario. Recopila datos de forma ano\u0301nima con la finalidad de obtener perfiles de navegacio\u0301n de los usuarios.<\/p>\n<table style=\"font-weight: 400;\" width=\"100%\">\n<tbody>\n<tr>\n<td colspan=\"3\" width=\"100%\"><b><strong>TIPOS DE COOKIES<\/strong><\/b><\/td>\n<\/tr>\n<tr>\n<td rowspan=\"2\" width=\"30%\">SEG\u00daN LA ENTIDAD QUE LAS GESTIONE<\/td>\n<td width=\"129\">Cookies propias<\/td>\n<td width=\"40%\">Son aquellas que se recaban por el propio editor para prestar el servicio solicitado por el usuario.<\/td>\n<\/tr>\n<tr>\n<td width=\"129\">Cookies de tercero<\/td>\n<td width=\"40%\">Son aquellas que son recabadas y gestionadas por un tercero, estas no se pueden considerar propias.<\/td>\n<\/tr>\n<tr>\n<td rowspan=\"2\" width=\"30%\">SEG\u00daN EL PLAZO DE TIEMPO QUE PERMANEZCAN ACTIVADAS<\/td>\n<td width=\"129\">Cookies de sesi\u00f3n<\/td>\n<td width=\"40%\">Recaban datos mientras el usuario navega por la red con la finalidad de prestar el servicio solicitado.<\/td>\n<\/tr>\n<tr>\n<td width=\"129\">Cookies persistentes<\/td>\n<td width=\"40%\">Se almacenan en el terminal y la informaci\u00f3n obtenida, ser\u00e1 utilizada por el responsable de la cookie con la finalidad de prestar el servicio solicitado.<\/td>\n<\/tr>\n<tr>\n<td rowspan=\"5\" width=\"139\">SEG\u00daN SU FINALIDAD<\/td>\n<td width=\"129\">Cookies t\u00e9cnicas<\/td>\n<td width=\"40%\">Son las necesarias para la correcta navegaci\u00f3n por la web.<\/td>\n<\/tr>\n<tr>\n<td width=\"129\">Cookies de personalizaci\u00f3n<\/td>\n<td width=\"40%\">Permiten al usuario las caracter\u00edsticas (idioma) para la navegaci\u00f3n por la website<\/td>\n<\/tr>\n<tr>\n<td width=\"129\">Cookies de an\u00e1lisis<\/td>\n<td width=\"40%\">Permiten al prestador el an\u00e1lisis vinculado a la navegaci\u00f3n realizada por el usuario, con la finalidad de llevar un seguimiento de uso de la p\u00e1gina web as\u00ed como realizar estad\u00edsticas de los contenidos m\u00e1s visitados, n\u00famero de visitantes, etc.<\/td>\n<\/tr>\n<tr>\n<td width=\"129\">Cookies publicitarias<\/td>\n<td width=\"40%\">Permiten al editor incluir en la web espacios publicitarios, seg\u00fan el contenido de la propia web.<\/td>\n<\/tr>\n<tr>\n<td width=\"129\">Cookies de publicidad comportamental<\/td>\n<td width=\"40%\">Permiten al editor incluir en la p\u00e1gina web espacios publicitarios seg\u00fan la informaci\u00f3n obtenida a trav\u00e9s de los h\u00e1bitos de navegaci\u00f3n del usuario.<\/td>\n<\/tr>\n<\/tbody>\n<\/table>\n<p style=\"font-weight: 400;\">Seg\u00fan lo dispuesto en el art\u00edculo 22.2 de la Ley 34\/2002, de 11 de julio, de Servicios de la Sociedad de la Informaci\u00f3n y de Comercio Electr\u00f3nico (LSSI-CE), EcoRiche Cosmetics S.L. informa de las cookies utilizadas en nuestra website:<\/p>\n<table style=\"font-weight: 400;\" width=\"100%\">\n<tbody>\n<tr>\n<td width=\"25\"><\/td>\n<td width=\"122\"><\/td>\n<td colspan=\"4\" width=\"340\"><b><strong>TIPOS DE COOKIES<\/strong><\/b><\/td>\n<\/tr>\n<tr>\n<td width=\"25\"><\/td>\n<td width=\"122\"><\/td>\n<td width=\"78\">Cookies propias<\/td>\n<td width=\"92\">Cookies de tercero<\/td>\n<td width=\"78\">Cookies de sesi\u00f3n<\/td>\n<td width=\"92\">Cookies persistentes<\/td>\n<\/tr>\n<tr>\n<td rowspan=\"5\" width=\"25\"><b><strong>FINALIDAD<\/strong><\/b><\/td>\n<td width=\"122\">Cookies t\u00e9cnicas<\/td>\n<td width=\"78\">X<\/td>\n<td width=\"92\"><\/td>\n<td width=\"78\"><\/td>\n<td width=\"92\"><\/td>\n<\/tr>\n<tr>\n<td width=\"122\">Cookies de personalizaci\u00f3n<\/td>\n<td width=\"78\">X<\/td>\n<td width=\"92\"><\/td>\n<td width=\"78\"><\/td>\n<td width=\"92\"><\/td>\n<\/tr>\n<tr>\n<td width=\"122\">Cookies de an\u00e1lisis<\/td>\n<td width=\"78\"><\/td>\n<td width=\"92\">X<\/td>\n<td width=\"78\"><\/td>\n<td width=\"92\"><\/td>\n<\/tr>\n<tr>\n<td width=\"122\">Cookies de publicidad comportamental<\/td>\n<td width=\"78\"><\/td>\n<td width=\"92\">X<\/td>\n<td width=\"78\"><\/td>\n<td width=\"92\"><\/td>\n<\/tr>\n<\/tbody>\n<\/table>\n<p style=\"font-weight: 400;\">Ecoriche usa cookies propias (t\u00e9cnicas) necesarias para:<\/p>\n<ul>\n<li style=\"font-weight: 400;\">Conserva los estados de los usuarios en diferentes solicitudes de p\u00e1ginas (Cookie utilizada &#8211; ai_session<\/li>\n<li style=\"font-weight: 400;\">Utilizada por el software Microsoft Application Insights para recabar informaci\u00f3n sobre telemetr\u00eda y uso de car\u00e1cter estad\u00edstico. Esta cookie guarda un identificador \u00fanico para reconocer a los usuarios que vuelven a visitar el sitio a lo largo del tiempo (Cookie utilizada &#8211; ai_user)<\/li>\n<li style=\"font-weight: 400;\">Este per\u00edodo muestra la duraci\u00f3n del per\u00edodo en el que un servicio puede almacenar y\/o leer ciertos datos de su computadora mediante el uso de una cookie, un p\u00edxel, una API, seguimiento sin cookies u otros recursos.\u00a0 (Cookie utilizada &#8211; mp_b393b6096f304e3a0bb3e5ac6eca818f_mixpanel)<\/li>\n<\/ul>\n<p style=\"font-weight: 400;\">Tambi\u00e9n se usan cookies propias (personalizaci\u00f3n) necesarias para:<\/p>\n<p style=\"font-weight: 400;\">Adem\u00e1s usa Cookies de terceros:<\/p>\n<ul>\n<li style=\"font-weight: 400;\">Para anal\u00edtica del comportamiento de navegaci\u00f3n de su sitio web por parte de los usuarios (obteniendo datos del tipo: n\u00famero de visitantes, tiempo de las visitas, p\u00e1ginas vistas, palabras clave usadas para encontrar el sitio, etc&#8230;) en ning\u00fan caso se obtiene ning\u00fan tipo de dato personal de los usuarios. (Cookies utilizadas &#8211; _ga, _ga_GBY6N7ZDYR, _gat, _gid)<\/li>\n<\/ul>\n<p style=\"font-weight: 400;\">La aplicaci\u00f3n que utilizamos para obtener y analizar la informaci\u00f3n de la navegaci\u00f3n es: Google Analytics: www.google.com\/analytics\/ y http:\/\/www.google.com\/policies\/privacy\/<\/p>\n<p>Esta aplicaci\u00f3n ha sido desarrollada por Google, que nos presta el servicio de an\u00e1lisis de la audiencia de nuestra p\u00e1gina. Esta empresa puede utilizar estos datos para mejorar sus propios servicios y para ofrecer servicios a otras empresas. Puedes conocer esos otros usos desde los enlaces indicados.<\/p>\n<p>Esta herramienta no obtiene datos de los nombres o apellidos de los usuarios ni de la direcci\u00f3n postal desde donde se conectan. La informaci\u00f3n que obtiene esta relacionada por ejemplo con el n\u00famero de p\u00e1ginas visitas, el idioma, red social en la que se publican nuestras noticias, la ciudad a la que est\u00e1 asignada la direcci\u00f3n IP desde la que acceden los usuarios, el n\u00famero de usuarios que nos visitan, la frecuencia y reincidencia de las visitas, el tiempo de visita, el navegador que usan, el operador o tipo de terminal desde el que se realiza la visita.<\/p>\n<p>Esta informaci\u00f3n la utilizamos para mejorar nuestra p\u00e1gina, detectar nuevas necesidades y valorar las mejoras a introducir con la finalidad de prestar un mejor servicio a los usuarios que nos visitan.<\/p>\n<ul>\n<li style=\"font-weight: 400;\"><\/li>\n<\/ul>\n<p style=\"font-weight: 400;\"><b><strong>Clasificadas por su duracio\u0301n:<\/strong><\/b><\/p>\n<p style=\"font-weight: 400;\">* Cookies de sesio\u0301n: recaban y almacenan los datos mientras el usuario accede a la pa\u0301gina web.<\/p>\n<p style=\"font-weight: 400;\">* Cookies persistentes: recaban y almacenan los datos en el terminal del usuario durante un periodo de tiempo variable en funcio\u0301n de cua\u0301l sea la finalidad para la que han sido utilizadas.<\/p>\n<p style=\"font-weight: 400;\">El tiempo de conservacio\u0301n de las cookies dependera\u0301 del tipo de que se trate y siempre sera\u0301 el mi\u0301nimo indispensable para cumplir su finalidad.<\/p>\n<p style=\"font-weight: 400;\">En cualquier caso, los usuarios pueden configurar su navegador, de manera que se deshabilite o bloquee la recepcio\u0301n de todas o algunas de las cookies. El hecho de no desear recibir estas cookies no constituye un impedimento para poder acceder a la informacio\u0301n de los sitios web de EcoRiche Cosmetics S.L, aunque el uso de algunos servicios podra\u0301 ser limitado. Si una vez otorgado el consentimiento para la recepcio\u0301n de cookies, se desease retirar e\u0301ste, se debera\u0301n eliminar aquellas almacenadas en el equipo del usuario, a trave\u0301s de las opciones de los diferentes navegadores.<\/p>\n<p style=\"font-weight: 400;\">La forma de configurar los diferentes navegadores para ejercitar las acciones sen\u0303aladas en los pa\u0301rrafos anteriores, se puede consultar en:<\/p>\n<p style=\"font-weight: 400;\"><b><strong>Explorer:\u00a0<\/strong><\/b>http:\/\/windows.microsoft.com\/es-es\/windows7\/how-to-manage-cookies-in-internet-explorer-9<\/p>\n<p><b><strong>Chrome:<\/strong><\/b>\u00a0https:\/\/support.google.com\/chrome\/answer\/95647?hl=es<\/p>\n<p><b><strong>Firefox:<\/strong><\/b>\u00a0http:\/\/support.mozilla.org\/es\/kb\/cookies-informacion-que-los-sitios-web- guardan-en-?redirectlocale=en-US&amp;redirectslug=Cookies<\/p>\n<p style=\"font-weight: 400;\"><b><strong><em>Explorer desde aqu\u00ed:<\/em><\/strong><\/b>\u00a0<a href=\"https:\/\/support.microsoft.com\/es-es\/help\/17442\/windows-internet-explorer-delete-manage-cookies\">https:\/\/support.microsoft.com\/es-es\/help\/17442\/windows-internet-explorer-delete-manage-cookies<\/a><\/p>\n<p style=\"font-weight: 400;\"><b><strong><em>Safari desde aqu\u00ed:\u00a0<\/em><\/strong><\/b>\u00a0<a href=\"https:\/\/support.apple.com\/kb\/PH19214?viewlocale=es_ES&amp;locale=es_ES\">https:\/\/support.apple.com\/kb\/PH19214?viewlocale=es_ES&amp;locale=es_ES<\/a><\/p>\n<p style=\"font-weight: 400;\"><b><strong><em>Opera desde aqu\u00ed:<\/em><\/strong><\/b><a href=\"http:\/\/help.opera.com\/Windows\/11.50\/es-ES\/cookies.html\">http:\/\/help.opera.com\/Windows\/11.50\/es-ES\/cookies.html<\/a><\/p>\n<p style=\"font-weight: 400;\">-Informaci\u00f3n sobre la forma de desactivar o eliminar las cookies enunciadas en los principales navegadores web:<\/p>\n<p style=\"font-weight: 400;\">&#8211; Puedes obtener m\u00e1s informaci\u00f3n sobre el navegador Internet Explorer desde aqu\u00ed:<\/p>\n<p style=\"font-weight: 400;\"><a href=\"https:\/\/support.microsoft.com\/es-es\/help\/17442\/windows-internet-explorer-delete-manage-cookies\">https:\/\/support.microsoft.com\/es-es\/help\/17442\/windows-internet-explorer-delete-manage-cookies<\/a><\/p>\n<p style=\"font-weight: 400;\">&#8211; Puedes obtener m\u00e1s informaci\u00f3n sobre el navegador Safari desde aqu\u00ed:<\/p>\n<p style=\"font-weight: 400;\"><a href=\"https:\/\/support.apple.com\/kb\/PH19214?viewlocale=es_ES&amp;locale=es_ES\">https:\/\/support.apple.com\/kb\/PH19214?viewlocale=es_ES&amp;locale=es_ES<\/a><\/p>\n","protected":false},"excerpt":{"rendered":"<p>EcoRiche Cosmetics S.L., a trave\u0301s del presente documento, recoge su Poli\u0301tica de recogida y tratamiento de cookies, en cumplimiento de lo dispuesto en el arti\u0301culo<\/p>\n","protected":false},"author":1,"featured_media":0,"parent":0,"menu_order":0,"comment_status":"closed","ping_status":"closed","template":"","meta":{"footnotes":""},"class_list":["post-54","page","type-page","status-publish","hentry"],"yoast_head":"<!-- This site is optimized with the Yoast SEO plugin v23.9 - https:\/\/yoast.com\/wordpress\/plugins\/seo\/ -->\n<title>Pol\u00edtica de Cookies - EcoRiche<\/title>\n<meta name=\"robots\" content=\"index, follow, max-snippet:-1, max-image-preview:large, max-video-preview:-1\" \/>\n<link rel=\"canonical\" href=\"https:\/\/ecoriche.com\/blog\/politica-de-cookies\/\" \/>\n<meta property=\"og:locale\" content=\"es_ES\" \/>\n<meta property=\"og:type\" content=\"article\" \/>\n<meta property=\"og:title\" content=\"Pol\u00edtica de Cookies - EcoRiche\" \/>\n<meta property=\"og:description\" content=\"EcoRiche Cosmetics S.L., a trave\u0301s del presente documento, recoge su Poli\u0301tica de recogida y tratamiento de cookies, en cumplimiento de lo dispuesto en el arti\u0301culo\" \/>\n<meta property=\"og:url\" content=\"https:\/\/ecoriche.com\/blog\/politica-de-cookies\/\" \/>\n<meta property=\"og:site_name\" content=\"EcoRiche\" \/>\n<meta property=\"article:modified_time\" content=\"2022-05-25T09:56:41+00:00\" \/>\n<meta name=\"twitter:card\" content=\"summary_large_image\" \/>\n<meta name=\"twitter:label1\" content=\"Tiempo de lectura\" \/>\n\t<meta name=\"twitter:data1\" content=\"7 minutos\" \/>\n<script type=\"application\/ld+json\" class=\"yoast-schema-graph\">{\"@context\":\"https:\/\/schema.org\",\"@graph\":[{\"@type\":\"WebPage\",\"@id\":\"https:\/\/ecoriche.com\/blog\/politica-de-cookies\/\",\"url\":\"https:\/\/ecoriche.com\/blog\/politica-de-cookies\/\",\"name\":\"Pol\u00edtica de Cookies - EcoRiche\",\"isPartOf\":{\"@id\":\"https:\/\/ecoriche.com\/blog\/#website\"},\"datePublished\":\"2022-05-25T09:27:53+00:00\",\"dateModified\":\"2022-05-25T09:56:41+00:00\",\"breadcrumb\":{\"@id\":\"https:\/\/ecoriche.com\/blog\/politica-de-cookies\/#breadcrumb\"},\"inLanguage\":\"es\",\"potentialAction\":[{\"@type\":\"ReadAction\",\"target\":[\"https:\/\/ecoriche.com\/blog\/politica-de-cookies\/\"]}]},{\"@type\":\"BreadcrumbList\",\"@id\":\"https:\/\/ecoriche.com\/blog\/politica-de-cookies\/#breadcrumb\",\"itemListElement\":[{\"@type\":\"ListItem\",\"position\":1,\"name\":\"Blog EcoRiche\",\"item\":\"https:\/\/ecoriche.com\/blog\/\"},{\"@type\":\"ListItem\",\"position\":2,\"name\":\"Pol\u00edtica de Cookies\"}]},{\"@type\":\"WebSite\",\"@id\":\"https:\/\/ecoriche.com\/blog\/#website\",\"url\":\"https:\/\/ecoriche.com\/blog\/\",\"name\":\"EcoRiche\",\"description\":\"Blog de EcoRiche\",\"publisher\":{\"@id\":\"https:\/\/ecoriche.com\/blog\/#organization\"},\"potentialAction\":[{\"@type\":\"SearchAction\",\"target\":{\"@type\":\"EntryPoint\",\"urlTemplate\":\"https:\/\/ecoriche.com\/blog\/?s={search_term_string}\"},\"query-input\":{\"@type\":\"PropertyValueSpecification\",\"valueRequired\":true,\"valueName\":\"search_term_string\"}}],\"inLanguage\":\"es\"},{\"@type\":\"Organization\",\"@id\":\"https:\/\/ecoriche.com\/blog\/#organization\",\"name\":\"EcoRiche\",\"url\":\"https:\/\/ecoriche.com\/blog\/\",\"logo\":{\"@type\":\"ImageObject\",\"inLanguage\":\"es\",\"@id\":\"https:\/\/ecoriche.com\/blog\/#\/schema\/logo\/image\/\",\"url\":\"https:\/\/ecoriche.com\/blog\/wp-content\/uploads\/2022\/05\/ecoriche-tirso-logo-1617284157.jpg\",\"contentUrl\":\"https:\/\/ecoriche.com\/blog\/wp-content\/uploads\/2022\/05\/ecoriche-tirso-logo-1617284157.jpg\",\"width\":350,\"height\":120,\"caption\":\"EcoRiche\"},\"image\":{\"@id\":\"https:\/\/ecoriche.com\/blog\/#\/schema\/logo\/image\/\"}}]}<\/script>\n<!-- \/ Yoast SEO plugin. -->","yoast_head_json":{"title":"Pol\u00edtica de Cookies - EcoRiche","robots":{"index":"index","follow":"follow","max-snippet":"max-snippet:-1","max-image-preview":"max-image-preview:large","max-video-preview":"max-video-preview:-1"},"canonical":"https:\/\/ecoriche.com\/blog\/politica-de-cookies\/","og_locale":"es_ES","og_type":"article","og_title":"Pol\u00edtica de Cookies - EcoRiche","og_description":"EcoRiche Cosmetics S.L., a trave\u0301s del presente documento, recoge su Poli\u0301tica de recogida y tratamiento de cookies, en cumplimiento de lo dispuesto en el arti\u0301culo","og_url":"https:\/\/ecoriche.com\/blog\/politica-de-cookies\/","og_site_name":"EcoRiche","article_modified_time":"2022-05-25T09:56:41+00:00","twitter_card":"summary_large_image","twitter_misc":{"Tiempo de lectura":"7 minutos"},"schema":{"@context":"https:\/\/schema.org","@graph":[{"@type":"WebPage","@id":"https:\/\/ecoriche.com\/blog\/politica-de-cookies\/","url":"https:\/\/ecoriche.com\/blog\/politica-de-cookies\/","name":"Pol\u00edtica de Cookies - EcoRiche","isPartOf":{"@id":"https:\/\/ecoriche.com\/blog\/#website"},"datePublished":"2022-05-25T09:27:53+00:00","dateModified":"2022-05-25T09:56:41+00:00","breadcrumb":{"@id":"https:\/\/ecoriche.com\/blog\/politica-de-cookies\/#breadcrumb"},"inLanguage":"es","potentialAction":[{"@type":"ReadAction","target":["https:\/\/ecoriche.com\/blog\/politica-de-cookies\/"]}]},{"@type":"BreadcrumbList","@id":"https:\/\/ecoriche.com\/blog\/politica-de-cookies\/#breadcrumb","itemListElement":[{"@type":"ListItem","position":1,"name":"Blog EcoRiche","item":"https:\/\/ecoriche.com\/blog\/"},{"@type":"ListItem","position":2,"name":"Pol\u00edtica de Cookies"}]},{"@type":"WebSite","@id":"https:\/\/ecoriche.com\/blog\/#website","url":"https:\/\/ecoriche.com\/blog\/","name":"EcoRiche","description":"Blog de EcoRiche","publisher":{"@id":"https:\/\/ecoriche.com\/blog\/#organization"},"potentialAction":[{"@type":"SearchAction","target":{"@type":"EntryPoint","urlTemplate":"https:\/\/ecoriche.com\/blog\/?s={search_term_string}"},"query-input":{"@type":"PropertyValueSpecification","valueRequired":true,"valueName":"search_term_string"}}],"inLanguage":"es"},{"@type":"Organization","@id":"https:\/\/ecoriche.com\/blog\/#organization","name":"EcoRiche","url":"https:\/\/ecoriche.com\/blog\/","logo":{"@type":"ImageObject","inLanguage":"es","@id":"https:\/\/ecoriche.com\/blog\/#\/schema\/logo\/image\/","url":"https:\/\/ecoriche.com\/blog\/wp-content\/uploads\/2022\/05\/ecoriche-tirso-logo-1617284157.jpg","contentUrl":"https:\/\/ecoriche.com\/blog\/wp-content\/uploads\/2022\/05\/ecoriche-tirso-logo-1617284157.jpg","width":350,"height":120,"caption":"EcoRiche"},"image":{"@id":"https:\/\/ecoriche.com\/blog\/#\/schema\/logo\/image\/"}}]}},"_links":{"self":[{"href":"https:\/\/ecoriche.com\/blog\/wp-json\/wp\/v2\/pages\/54","targetHints":{"allow":["GET"]}}],"collection":[{"href":"https:\/\/ecoriche.com\/blog\/wp-json\/wp\/v2\/pages"}],"about":[{"href":"https:\/\/ecoriche.com\/blog\/wp-json\/wp\/v2\/types\/page"}],"author":[{"embeddable":true,"href":"https:\/\/ecoriche.com\/blog\/wp-json\/wp\/v2\/users\/1"}],"replies":[{"embeddable":true,"href":"https:\/\/ecoriche.com\/blog\/wp-json\/wp\/v2\/comments?post=54"}],"version-history":[{"count":3,"href":"https:\/\/ecoriche.com\/blog\/wp-json\/wp\/v2\/pages\/54\/revisions"}],"predecessor-version":[{"id":57,"href":"https:\/\/ecoriche.com\/blog\/wp-json\/wp\/v2\/pages\/54\/revisions\/57"}],"wp:attachment":[{"href":"https:\/\/ecoriche.com\/blog\/wp-json\/wp\/v2\/media?parent=54"}],"curies":[{"name":"wp","href":"https:\/\/api.w.org\/{rel}","templated":true}]}}